{"id":1037,"date":"2023-08-11T13:09:51","date_gmt":"2023-08-11T13:09:51","guid":{"rendered":"https:\/\/uitama.ee\/?page_id=1037"},"modified":"2023-08-30T14:57:15","modified_gmt":"2023-08-30T14:57:15","slug":"toetajad-ja-sobrad","status":"publish","type":"page","link":"https:\/\/uitama.ee\/en\/toetajad-ja-sobrad\/","title":{"rendered":"Supporters and friends"},"content":{"rendered":"<h2 class=\"title margin-bottom\">Super supporters<\/h2>\n<p>\u00d5nne\u00a0Nummert, Krete\u00a0Silm, Saara\u00a0Arulaane, Sander\u00a0Pajusalu, Kaspar\u00a0Nummert, Peeter\u00a0Nummert<\/p>\n<h2 class=\"title margin-bottom margin-top\">Supporters<\/h2>\n<p>Jane S\u00e4rg, Piret N\u00f5ukas, Maiken Kukor, Gerlyn Tiigem\u00e4e, Roland Kivitare, Simo Lind, Mihkel Nummert, Andrus Purde, Triin Vallsalu, Kaisa Tamkivi, Harri Kirik, Maris T\u00f5nuri, Maarja Masing, Tiiu Paavel, Kristina Lett, Elo Kalde, Mari Liis R\u00e4is, Maiu Lauring, Elle Nellis, Katrin Rikk, Loreida Hein, Hanna\u2011Mari Kirs, Kristel Roog, Taavi Mandel, Eha M\u00e4esalu, Keiti Piirisild, Kadri Lillem\u00e4e, Anni Kisand, Maris Kure, Andres Niroda, Sirli Oot, Kadri \u00d6\u00f6bik, Karin P\u00fc\u00fcman, Kristina Penu, Iris Raudsik, Kaisa Karro, Aneth Kilumets, Anni Jaagant, Brita Laurfeld, Terje Tiiman, Liis Nigul, Liisa Ringm\u00e4e, Ermil Miggur, Hendrik Peiel, \u00dcllar Soon, Ulla Piscopiello, K\u00e4rt Hoffmann, Kadri Helene Carvalho, Viktoria Azovskaja, Tiina Link, Kaisa Langer, Kairi Kaljuste, Anna P\u00e4rnakivi, Maarja Reinaste, Kersti Vunder, Moonika Kadarik, Kristiina Pundi, Eva\u2011Maria Kersalu, Mariliis Lukk, Maris Maasikas, Inge Vent, Liina Tammep\u00f5ld, Egne Kahro, Rain Allikvee, Riin Kangur, Geirit Ehasoo, Britta Gassmann, Inna Baranova, Anu Piirisalu, Marian Kaur, Grete Karmaz, Riin Kaldma, Jette Karmin, Maarja Reinsalu, Katre Tiimla, Kati Maripuu, Helen Melesk, Laura Kalda, Tiina Ester, Heilika R\u00f5\u00f5s, Liisi Panov, Aurika N\u00f5mm, Madis Greim, Kai\u2011Epp K\u00fcbarsepp\u2011Tolga, Laura Ojala, Helen Hiiem\u00e4e, An\u017eelika Laur, Wout Verlinden, Doris Karask, Signe Tiivoja, Rauno Peets, Merje Tuhkur, Kadri Esinurm, Toomas Kullerkup, Marleen Hallop, Kristi Saaremets, Kirsti Karron, Pille M\u00fcller, Maria\u2011Liesbeth Weander, Ingrid M\u00fchling, Piret Selgeveer, Epp Nelis, Merili Adamson, Kairi Niinepuu\u2011Mark, Marleen Kuldsaar, Kelly Soldatos, Maarja Virkus, Margot Raid, Gerli Anderson, Ester Kokkota, Eeva Ijavoinen, Anu Vassvik, Getter R\u00e4hn, Ksenia Ots<\/p>\n<p>The list includes the names of those individuals who wished to be mentioned.<\/p>","protected":false},"excerpt":{"rendered":"<p>Super toetajad \u00d5nne\u00a0Nummert, Krete\u00a0Silm, Saara\u00a0Arulaane, Sander\u00a0Pajusalu, Kaspar\u00a0Nummert, Peeter\u00a0Nummert Toetajad Jane S\u00e4rg, Piret N\u00f5ukas, Maiken Kukor, Gerlyn Tiigem\u00e4e, Roland Kivitare, Simo Lind, Mihkel Nummert, Andrus Purde, Triin Vallsalu, Kaisa Tamkivi, Harri Kirik, Maris T\u00f5nuri, Maarja Masing, Tiiu Paavel, Kristina Lett, Elo Kalde, Mari Liis R\u00e4is, Maiu Lauring, Elle Nellis, Katrin Rikk, Loreida Hein, Hanna\u2011Mari Kirs, Kristel [&hellip;]<\/p>\n","protected":false},"author":1,"featured_media":0,"parent":0,"menu_order":0,"comment_status":"closed","ping_status":"closed","template":"","meta":{"footnotes":""},"class_list":["post-1037","page","type-page","status-publish","hentry"],"yoast_head":"<!-- This site is optimized with the Yoast SEO plugin v27.4 - https:\/\/yoast.com\/product\/yoast-seo-wordpress\/ -->\n<title>Toetajad ja s\u00f5brad - UITAMA<\/title>\n<meta name=\"robots\" content=\"index, follow, max-snippet:-1, max-image-preview:large, max-video-preview:-1\" \/>\n<link rel=\"canonical\" href=\"https:\/\/uitama.ee\/en\/toetajad-ja-sobrad\/\" \/>\n<meta property=\"og:locale\" content=\"en_US\" \/>\n<meta property=\"og:type\" content=\"article\" \/>\n<meta property=\"og:title\" content=\"Toetajad ja s\u00f5brad - UITAMA\" \/>\n<meta property=\"og:description\" content=\"Super toetajad \u00d5nne\u00a0Nummert, Krete\u00a0Silm, Saara\u00a0Arulaane, Sander\u00a0Pajusalu, Kaspar\u00a0Nummert, Peeter\u00a0Nummert Toetajad Jane S\u00e4rg, Piret N\u00f5ukas, Maiken Kukor, Gerlyn Tiigem\u00e4e, Roland Kivitare, Simo Lind, Mihkel Nummert, Andrus Purde, Triin Vallsalu, Kaisa Tamkivi, Harri Kirik, Maris T\u00f5nuri, Maarja Masing, Tiiu Paavel, Kristina Lett, Elo Kalde, Mari Liis R\u00e4is, Maiu Lauring, Elle Nellis, Katrin Rikk, Loreida Hein, Hanna\u2011Mari Kirs, Kristel [&hellip;]\" \/>\n<meta property=\"og:url\" content=\"https:\/\/uitama.ee\/en\/toetajad-ja-sobrad\/\" \/>\n<meta property=\"og:site_name\" content=\"UITAMA\" \/>\n<meta property=\"article:publisher\" content=\"https:\/\/www.facebook.com\/UitamaLastega\" \/>\n<meta property=\"article:modified_time\" content=\"2023-08-30T14:57:15+00:00\" \/>\n<meta name=\"twitter:card\" content=\"summary_large_image\" \/>\n<meta name=\"twitter:label1\" content=\"Est. reading time\" \/>\n\t<meta name=\"twitter:data1\" content=\"2 minutes\" \/>\n<script type=\"application\/ld+json\" class=\"yoast-schema-graph\">{\"@context\":\"https:\\\/\\\/schema.org\",\"@graph\":[{\"@type\":\"WebPage\",\"@id\":\"https:\\\/\\\/uitama.ee\\\/toetajad-ja-sobrad\\\/\",\"url\":\"https:\\\/\\\/uitama.ee\\\/toetajad-ja-sobrad\\\/\",\"name\":\"Toetajad ja s\u00f5brad - UITAMA\",\"isPartOf\":{\"@id\":\"https:\\\/\\\/uitama.ee\\\/#website\"},\"datePublished\":\"2023-08-11T13:09:51+00:00\",\"dateModified\":\"2023-08-30T14:57:15+00:00\",\"breadcrumb\":{\"@id\":\"https:\\\/\\\/uitama.ee\\\/toetajad-ja-sobrad\\\/#breadcrumb\"},\"inLanguage\":\"en-US\",\"potentialAction\":[{\"@type\":\"ReadAction\",\"target\":[\"https:\\\/\\\/uitama.ee\\\/toetajad-ja-sobrad\\\/\"]}]},{\"@type\":\"BreadcrumbList\",\"@id\":\"https:\\\/\\\/uitama.ee\\\/toetajad-ja-sobrad\\\/#breadcrumb\",\"itemListElement\":[{\"@type\":\"ListItem\",\"position\":1,\"name\":\"Home\",\"item\":\"https:\\\/\\\/uitama.ee\\\/\"},{\"@type\":\"ListItem\",\"position\":2,\"name\":\"Toetajad ja s\u00f5brad\"}]},{\"@type\":\"WebSite\",\"@id\":\"https:\\\/\\\/uitama.ee\\\/#website\",\"url\":\"https:\\\/\\\/uitama.ee\\\/\",\"name\":\"UITAMA\",\"description\":\"Unustamatud hetked lastega looduses\",\"publisher\":{\"@id\":\"https:\\\/\\\/uitama.ee\\\/#organization\"},\"potentialAction\":[{\"@type\":\"SearchAction\",\"target\":{\"@type\":\"EntryPoint\",\"urlTemplate\":\"https:\\\/\\\/uitama.ee\\\/?s={search_term_string}\"},\"query-input\":{\"@type\":\"PropertyValueSpecification\",\"valueRequired\":true,\"valueName\":\"search_term_string\"}}],\"inLanguage\":\"en-US\"},{\"@type\":\"Organization\",\"@id\":\"https:\\\/\\\/uitama.ee\\\/#organization\",\"name\":\"UITAMA\",\"url\":\"https:\\\/\\\/uitama.ee\\\/\",\"logo\":{\"@type\":\"ImageObject\",\"inLanguage\":\"en-US\",\"@id\":\"https:\\\/\\\/uitama.ee\\\/#\\\/schema\\\/logo\\\/image\\\/\",\"url\":\"https:\\\/\\\/uitama.ee\\\/wp-content\\\/uploads\\\/2023\\\/04\\\/icon.png\",\"contentUrl\":\"https:\\\/\\\/uitama.ee\\\/wp-content\\\/uploads\\\/2023\\\/04\\\/icon.png\",\"width\":132,\"height\":132,\"caption\":\"UITAMA\"},\"image\":{\"@id\":\"https:\\\/\\\/uitama.ee\\\/#\\\/schema\\\/logo\\\/image\\\/\"},\"sameAs\":[\"https:\\\/\\\/www.facebook.com\\\/UitamaLastega\",\"https:\\\/\\\/www.instagram.com\\\/uitama_lastega\\\/\"]}]}<\/script>\n<!-- \/ Yoast SEO plugin. -->","yoast_head_json":{"title":"Toetajad ja s\u00f5brad - UITAMA","robots":{"index":"index","follow":"follow","max-snippet":"max-snippet:-1","max-image-preview":"max-image-preview:large","max-video-preview":"max-video-preview:-1"},"canonical":"https:\/\/uitama.ee\/en\/toetajad-ja-sobrad\/","og_locale":"en_US","og_type":"article","og_title":"Toetajad ja s\u00f5brad - UITAMA","og_description":"Super toetajad \u00d5nne\u00a0Nummert, Krete\u00a0Silm, Saara\u00a0Arulaane, Sander\u00a0Pajusalu, Kaspar\u00a0Nummert, Peeter\u00a0Nummert Toetajad Jane S\u00e4rg, Piret N\u00f5ukas, Maiken Kukor, Gerlyn Tiigem\u00e4e, Roland Kivitare, Simo Lind, Mihkel Nummert, Andrus Purde, Triin Vallsalu, Kaisa Tamkivi, Harri Kirik, Maris T\u00f5nuri, Maarja Masing, Tiiu Paavel, Kristina Lett, Elo Kalde, Mari Liis R\u00e4is, Maiu Lauring, Elle Nellis, Katrin Rikk, Loreida Hein, Hanna\u2011Mari Kirs, Kristel [&hellip;]","og_url":"https:\/\/uitama.ee\/en\/toetajad-ja-sobrad\/","og_site_name":"UITAMA","article_publisher":"https:\/\/www.facebook.com\/UitamaLastega","article_modified_time":"2023-08-30T14:57:15+00:00","twitter_card":"summary_large_image","twitter_misc":{"Est. reading time":"2 minutes"},"schema":{"@context":"https:\/\/schema.org","@graph":[{"@type":"WebPage","@id":"https:\/\/uitama.ee\/toetajad-ja-sobrad\/","url":"https:\/\/uitama.ee\/toetajad-ja-sobrad\/","name":"Toetajad ja s\u00f5brad - UITAMA","isPartOf":{"@id":"https:\/\/uitama.ee\/#website"},"datePublished":"2023-08-11T13:09:51+00:00","dateModified":"2023-08-30T14:57:15+00:00","breadcrumb":{"@id":"https:\/\/uitama.ee\/toetajad-ja-sobrad\/#breadcrumb"},"inLanguage":"en-US","potentialAction":[{"@type":"ReadAction","target":["https:\/\/uitama.ee\/toetajad-ja-sobrad\/"]}]},{"@type":"BreadcrumbList","@id":"https:\/\/uitama.ee\/toetajad-ja-sobrad\/#breadcrumb","itemListElement":[{"@type":"ListItem","position":1,"name":"Home","item":"https:\/\/uitama.ee\/"},{"@type":"ListItem","position":2,"name":"Toetajad ja s\u00f5brad"}]},{"@type":"WebSite","@id":"https:\/\/uitama.ee\/#website","url":"https:\/\/uitama.ee\/","name":"UITAMA","description":"Unustamatud hetked lastega looduses","publisher":{"@id":"https:\/\/uitama.ee\/#organization"},"potentialAction":[{"@type":"SearchAction","target":{"@type":"EntryPoint","urlTemplate":"https:\/\/uitama.ee\/?s={search_term_string}"},"query-input":{"@type":"PropertyValueSpecification","valueRequired":true,"valueName":"search_term_string"}}],"inLanguage":"en-US"},{"@type":"Organization","@id":"https:\/\/uitama.ee\/#organization","name":"UITAMA","url":"https:\/\/uitama.ee\/","logo":{"@type":"ImageObject","inLanguage":"en-US","@id":"https:\/\/uitama.ee\/#\/schema\/logo\/image\/","url":"https:\/\/uitama.ee\/wp-content\/uploads\/2023\/04\/icon.png","contentUrl":"https:\/\/uitama.ee\/wp-content\/uploads\/2023\/04\/icon.png","width":132,"height":132,"caption":"UITAMA"},"image":{"@id":"https:\/\/uitama.ee\/#\/schema\/logo\/image\/"},"sameAs":["https:\/\/www.facebook.com\/UitamaLastega","https:\/\/www.instagram.com\/uitama_lastega\/"]}]}},"_links":{"self":[{"href":"https:\/\/uitama.ee\/en\/wp-json\/wp\/v2\/pages\/1037","targetHints":{"allow":["GET"]}}],"collection":[{"href":"https:\/\/uitama.ee\/en\/wp-json\/wp\/v2\/pages"}],"about":[{"href":"https:\/\/uitama.ee\/en\/wp-json\/wp\/v2\/types\/page"}],"author":[{"embeddable":true,"href":"https:\/\/uitama.ee\/en\/wp-json\/wp\/v2\/users\/1"}],"replies":[{"embeddable":true,"href":"https:\/\/uitama.ee\/en\/wp-json\/wp\/v2\/comments?post=1037"}],"version-history":[{"count":5,"href":"https:\/\/uitama.ee\/en\/wp-json\/wp\/v2\/pages\/1037\/revisions"}],"predecessor-version":[{"id":1058,"href":"https:\/\/uitama.ee\/en\/wp-json\/wp\/v2\/pages\/1037\/revisions\/1058"}],"wp:attachment":[{"href":"https:\/\/uitama.ee\/en\/wp-json\/wp\/v2\/media?parent=1037"}],"curies":[{"name":"wp","href":"https:\/\/api.w.org\/{rel}","templated":true}]}}