{"id":389,"date":"2023-04-05T18:02:28","date_gmt":"2023-04-05T18:02:28","guid":{"rendered":"https:\/\/uitama.ee\/?page_id=389"},"modified":"2023-08-11T13:51:54","modified_gmt":"2023-08-11T13:51:54","slug":"uitama-lugu","status":"publish","type":"page","link":"https:\/\/uitama.ee\/en\/uitama-lugu\/","title":{"rendered":"Our story"},"content":{"rendered":"<p><strong>MIS INSPIREERIS UITAMA \u00c4PPI LOOMA?<\/strong><\/p>\n<p>Uitama lugu sai alguse, kui \u00fchest matkamist armastavast naisest sai ema.<\/p>\n<p>Nii nagu k\u00f5ik v\u00e4rsked lapsevanemad, \u00f5ppisin ka mina kui palju rohkem ettevalmistust ja planeerimist \u00fcks v\u00e4ljas\u00f5it lapsega n\u00f5uab. \u00dcksinda v\u00f5i abikaasaga looduses uidates ei pidanud ma ju kunagi m\u00f5tlema, et kas ja kuidas m\u00f5jutavad s\u00f5iduajad matka alguspunkti lapse p\u00e4evast uner\u00fctmi ja kas rada oleks v\u00f5imalik l\u00e4bida ka lapsevankriga? V\u00f5i kas juba omal jalal liikuva lapse puhul on retk talle j\u00f5ukohane ning kas valitud sihtkohas ka midagi p\u00f5nevat koos teha saab, et k\u00f5igil meel r\u00f5\u00f5mus p\u00fcsiks? Kogemusega sai mulle selgeks see, et hea ettevalmistus on alati pool (kui mitte isegi kolmveerand) v\u00f5itu!<\/p>\n<p><strong>KUIDAS MUUTA LAPSEVANEMATE ELU LIHTSAMAKS?<\/strong><\/p>\n<p>Kuid sobiva matkaraja valimine k\u00f5iki neid aspekte silmas pidades v\u00f5ib olla p\u00e4ris aegan\u00f5udev protsess ning erinevate infoallikate r\u00e4gastikku end \u00e4ra kaotada pole ka eriline v\u00f5lutrikk. Tabasin end nii tihti m\u00f5ttelt, et see k\u00f5ik v\u00f5iks olla palju lihtsam!<\/p>\n<p>Nii tuligi mulle 2021. aasta l\u00f5pus p\u00e4he p\u00f6\u00f6rane idee hakata ise looma veebiplatvormi ja rakendust, mis muudaks aegan\u00f5udva v\u00e4ljas\u00f5idu planeerimise osa k\u00f5ige lihtsamaks ja kiiremaks maamunal ning inspireeriks seel\u00e4bi ka teisi lapsevanemaid oma mudilastega kodust kaugemale seiklema.<\/p>\n<p>Pojaga koos matkaradadel k\u00e4ies, hakkasin teadlikult tegema m\u00e4rkmeid lapses\u00f5braliku ligip\u00e4\u00e4setavuse ja j\u00f5ukohasuse kohta, markeerima v\u00f5imalusi p\u00f5nevateks tegevusteks looduses ning hindama ka k\u00fclastatud s\u00f6\u00f6gikohti v\u00f5i turismitalusid lapsevanema perspektiivist. Lisaks l\u00e4bisin UX Estonia kasutajakogemuse koolituse ja kujundasin protot\u00fc\u00fcpi. Vaja oli vaid tarkvaraarendjat. \u00d5nneks, ei tulnud teda kaugelt otsida, sest abikaasal on tarkvara arenduses kogemust \u00fcle 15. aasta.<\/p>\n<p>Ainu\u00fcksi 2022. aastal l\u00e4bisime oma 4. aastase pojaga kokku 50 erinevat matkarada Eestis ning pikim tema poolt omal jalal l\u00e4bitud teekonna pikkuseks tuli 8 km. See on ehtne t\u00f5estus sellest, et j\u00e4rjepidev liikumine looduses tekitab sportlikku vastupidavust, isegi kui alustades n\u00e4ib see v\u00f5imatu. Kuid l\u00f5ppude l\u00f5puks polegi vahet kes ja kui palju \u00e4ra k\u00f5nnib. Olulised on \u00fchised m\u00e4lestused ning side, mis saab seal radadel pereliikmete vahel saab loodud.<\/p>\n<p>M\u00f5nusat uitamist k\u00f5igile!<\/p>","protected":false},"excerpt":{"rendered":"<p>MIS INSPIREERIS UITAMA \u00c4PPI LOOMA? Uitama lugu sai alguse, kui \u00fchest matkamist armastavast naisest sai ema. Nii nagu k\u00f5ik v\u00e4rsked lapsevanemad, \u00f5ppisin ka mina kui palju rohkem ettevalmistust ja planeerimist \u00fcks v\u00e4ljas\u00f5it lapsega n\u00f5uab. \u00dcksinda v\u00f5i abikaasaga looduses uidates ei pidanud ma ju kunagi m\u00f5tlema, et kas ja kuidas m\u00f5jutavad s\u00f5iduajad matka alguspunkti lapse p\u00e4evast [&hellip;]<\/p>\n","protected":false},"author":1,"featured_media":0,"parent":0,"menu_order":0,"comment_status":"closed","ping_status":"closed","template":"","meta":{"footnotes":""},"class_list":["post-389","page","type-page","status-publish","hentry"],"yoast_head":"<!-- This site is optimized with the Yoast SEO plugin v27.5 - https:\/\/yoast.com\/product\/yoast-seo-wordpress\/ -->\n<title>Uitama lugu - UITAMA<\/title>\n<meta name=\"description\" content=\"Lugu sellest, kuidas \u00fcks lapsega matkav ema otsustas oma aja jooksul kogunenud teadmisi \u00e4pi abil teisteni tuua.\" \/>\n<meta name=\"robots\" content=\"index, follow, max-snippet:-1, max-image-preview:large, max-video-preview:-1\" \/>\n<link rel=\"canonical\" href=\"https:\/\/uitama.ee\/en\/uitama-lugu\/\" \/>\n<meta property=\"og:locale\" content=\"en_US\" \/>\n<meta property=\"og:type\" content=\"article\" \/>\n<meta property=\"og:title\" content=\"Uitama lugu - UITAMA\" \/>\n<meta property=\"og:description\" content=\"Lugu sellest, kuidas \u00fcks lapsega matkav ema otsustas oma aja jooksul kogunenud teadmisi \u00e4pi abil teisteni tuua.\" \/>\n<meta property=\"og:url\" content=\"https:\/\/uitama.ee\/en\/uitama-lugu\/\" \/>\n<meta property=\"og:site_name\" content=\"UITAMA\" \/>\n<meta property=\"article:publisher\" content=\"https:\/\/www.facebook.com\/UitamaLastega\" \/>\n<meta property=\"article:modified_time\" content=\"2023-08-11T13:51:54+00:00\" \/>\n<meta name=\"twitter:card\" content=\"summary_large_image\" \/>\n<meta name=\"twitter:label1\" content=\"Est. reading time\" \/>\n\t<meta name=\"twitter:data1\" content=\"2 minutes\" \/>\n<script type=\"application\/ld+json\" class=\"yoast-schema-graph\">{\"@context\":\"https:\\\/\\\/schema.org\",\"@graph\":[{\"@type\":\"WebPage\",\"@id\":\"https:\\\/\\\/uitama.ee\\\/uitama-lugu\\\/\",\"url\":\"https:\\\/\\\/uitama.ee\\\/uitama-lugu\\\/\",\"name\":\"Uitama lugu - UITAMA\",\"isPartOf\":{\"@id\":\"https:\\\/\\\/uitama.ee\\\/#website\"},\"datePublished\":\"2023-04-05T18:02:28+00:00\",\"dateModified\":\"2023-08-11T13:51:54+00:00\",\"description\":\"Lugu sellest, kuidas \u00fcks lapsega matkav ema otsustas oma aja jooksul kogunenud teadmisi \u00e4pi abil teisteni tuua.\",\"breadcrumb\":{\"@id\":\"https:\\\/\\\/uitama.ee\\\/uitama-lugu\\\/#breadcrumb\"},\"inLanguage\":\"en-US\",\"potentialAction\":[{\"@type\":\"ReadAction\",\"target\":[\"https:\\\/\\\/uitama.ee\\\/uitama-lugu\\\/\"]}]},{\"@type\":\"BreadcrumbList\",\"@id\":\"https:\\\/\\\/uitama.ee\\\/uitama-lugu\\\/#breadcrumb\",\"itemListElement\":[{\"@type\":\"ListItem\",\"position\":1,\"name\":\"Home\",\"item\":\"https:\\\/\\\/uitama.ee\\\/\"},{\"@type\":\"ListItem\",\"position\":2,\"name\":\"Uitama lugu\"}]},{\"@type\":\"WebSite\",\"@id\":\"https:\\\/\\\/uitama.ee\\\/#website\",\"url\":\"https:\\\/\\\/uitama.ee\\\/\",\"name\":\"UITAMA\",\"description\":\"Unustamatud hetked lastega looduses\",\"publisher\":{\"@id\":\"https:\\\/\\\/uitama.ee\\\/#organization\"},\"potentialAction\":[{\"@type\":\"SearchAction\",\"target\":{\"@type\":\"EntryPoint\",\"urlTemplate\":\"https:\\\/\\\/uitama.ee\\\/?s={search_term_string}\"},\"query-input\":{\"@type\":\"PropertyValueSpecification\",\"valueRequired\":true,\"valueName\":\"search_term_string\"}}],\"inLanguage\":\"en-US\"},{\"@type\":\"Organization\",\"@id\":\"https:\\\/\\\/uitama.ee\\\/#organization\",\"name\":\"UITAMA\",\"url\":\"https:\\\/\\\/uitama.ee\\\/\",\"logo\":{\"@type\":\"ImageObject\",\"inLanguage\":\"en-US\",\"@id\":\"https:\\\/\\\/uitama.ee\\\/#\\\/schema\\\/logo\\\/image\\\/\",\"url\":\"https:\\\/\\\/uitama.ee\\\/wp-content\\\/uploads\\\/2023\\\/04\\\/icon.png\",\"contentUrl\":\"https:\\\/\\\/uitama.ee\\\/wp-content\\\/uploads\\\/2023\\\/04\\\/icon.png\",\"width\":132,\"height\":132,\"caption\":\"UITAMA\"},\"image\":{\"@id\":\"https:\\\/\\\/uitama.ee\\\/#\\\/schema\\\/logo\\\/image\\\/\"},\"sameAs\":[\"https:\\\/\\\/www.facebook.com\\\/UitamaLastega\",\"https:\\\/\\\/www.instagram.com\\\/uitama_lastega\\\/\"]}]}<\/script>\n<!-- \/ Yoast SEO plugin. -->","yoast_head_json":{"title":"Uitama lugu - UITAMA","description":"Lugu sellest, kuidas \u00fcks lapsega matkav ema otsustas oma aja jooksul kogunenud teadmisi \u00e4pi abil teisteni tuua.","robots":{"index":"index","follow":"follow","max-snippet":"max-snippet:-1","max-image-preview":"max-image-preview:large","max-video-preview":"max-video-preview:-1"},"canonical":"https:\/\/uitama.ee\/en\/uitama-lugu\/","og_locale":"en_US","og_type":"article","og_title":"Uitama lugu - UITAMA","og_description":"Lugu sellest, kuidas \u00fcks lapsega matkav ema otsustas oma aja jooksul kogunenud teadmisi \u00e4pi abil teisteni tuua.","og_url":"https:\/\/uitama.ee\/en\/uitama-lugu\/","og_site_name":"UITAMA","article_publisher":"https:\/\/www.facebook.com\/UitamaLastega","article_modified_time":"2023-08-11T13:51:54+00:00","twitter_card":"summary_large_image","twitter_misc":{"Est. reading time":"2 minutes"},"schema":{"@context":"https:\/\/schema.org","@graph":[{"@type":"WebPage","@id":"https:\/\/uitama.ee\/uitama-lugu\/","url":"https:\/\/uitama.ee\/uitama-lugu\/","name":"Uitama lugu - UITAMA","isPartOf":{"@id":"https:\/\/uitama.ee\/#website"},"datePublished":"2023-04-05T18:02:28+00:00","dateModified":"2023-08-11T13:51:54+00:00","description":"Lugu sellest, kuidas \u00fcks lapsega matkav ema otsustas oma aja jooksul kogunenud teadmisi \u00e4pi abil teisteni tuua.","breadcrumb":{"@id":"https:\/\/uitama.ee\/uitama-lugu\/#breadcrumb"},"inLanguage":"en-US","potentialAction":[{"@type":"ReadAction","target":["https:\/\/uitama.ee\/uitama-lugu\/"]}]},{"@type":"BreadcrumbList","@id":"https:\/\/uitama.ee\/uitama-lugu\/#breadcrumb","itemListElement":[{"@type":"ListItem","position":1,"name":"Home","item":"https:\/\/uitama.ee\/"},{"@type":"ListItem","position":2,"name":"Uitama lugu"}]},{"@type":"WebSite","@id":"https:\/\/uitama.ee\/#website","url":"https:\/\/uitama.ee\/","name":"UITAMA","description":"Unustamatud hetked lastega looduses","publisher":{"@id":"https:\/\/uitama.ee\/#organization"},"potentialAction":[{"@type":"SearchAction","target":{"@type":"EntryPoint","urlTemplate":"https:\/\/uitama.ee\/?s={search_term_string}"},"query-input":{"@type":"PropertyValueSpecification","valueRequired":true,"valueName":"search_term_string"}}],"inLanguage":"en-US"},{"@type":"Organization","@id":"https:\/\/uitama.ee\/#organization","name":"UITAMA","url":"https:\/\/uitama.ee\/","logo":{"@type":"ImageObject","inLanguage":"en-US","@id":"https:\/\/uitama.ee\/#\/schema\/logo\/image\/","url":"https:\/\/uitama.ee\/wp-content\/uploads\/2023\/04\/icon.png","contentUrl":"https:\/\/uitama.ee\/wp-content\/uploads\/2023\/04\/icon.png","width":132,"height":132,"caption":"UITAMA"},"image":{"@id":"https:\/\/uitama.ee\/#\/schema\/logo\/image\/"},"sameAs":["https:\/\/www.facebook.com\/UitamaLastega","https:\/\/www.instagram.com\/uitama_lastega\/"]}]}},"_links":{"self":[{"href":"https:\/\/uitama.ee\/en\/wp-json\/wp\/v2\/pages\/389","targetHints":{"allow":["GET"]}}],"collection":[{"href":"https:\/\/uitama.ee\/en\/wp-json\/wp\/v2\/pages"}],"about":[{"href":"https:\/\/uitama.ee\/en\/wp-json\/wp\/v2\/types\/page"}],"author":[{"embeddable":true,"href":"https:\/\/uitama.ee\/en\/wp-json\/wp\/v2\/users\/1"}],"replies":[{"embeddable":true,"href":"https:\/\/uitama.ee\/en\/wp-json\/wp\/v2\/comments?post=389"}],"version-history":[{"count":5,"href":"https:\/\/uitama.ee\/en\/wp-json\/wp\/v2\/pages\/389\/revisions"}],"predecessor-version":[{"id":1046,"href":"https:\/\/uitama.ee\/en\/wp-json\/wp\/v2\/pages\/389\/revisions\/1046"}],"wp:attachment":[{"href":"https:\/\/uitama.ee\/en\/wp-json\/wp\/v2\/media?parent=389"}],"curies":[{"name":"wp","href":"https:\/\/api.w.org\/{rel}","templated":true}]}}