{"id":392,"date":"2023-04-05T18:04:40","date_gmt":"2023-04-05T18:04:40","guid":{"rendered":"https:\/\/uitama.ee\/?page_id=392"},"modified":"2023-08-09T10:13:13","modified_gmt":"2023-08-09T10:13:13","slug":"app","status":"publish","type":"page","link":"https:\/\/uitama.ee\/en\/app\/","title":{"rendered":"UITAMA app"},"content":{"rendered":"<p><img fetchpriority=\"high\" decoding=\"async\" class=\"wp-image-426 alignright\" src=\"https:\/\/uitama.ee\/wp-content\/uploads\/2023\/04\/Api-pilt-35-\u00d7-59.4cm-177x300.png\" alt=\"\" width=\"370\" height=\"627\" srcset=\"https:\/\/uitama.ee\/wp-content\/uploads\/2023\/04\/Api-pilt-35-\u00d7-59.4cm-177x300.png 177w, https:\/\/uitama.ee\/wp-content\/uploads\/2023\/04\/Api-pilt-35-\u00d7-59.4cm-603x1024.png 603w, https:\/\/uitama.ee\/wp-content\/uploads\/2023\/04\/Api-pilt-35-\u00d7-59.4cm-768x1303.png 768w, https:\/\/uitama.ee\/wp-content\/uploads\/2023\/04\/Api-pilt-35-\u00d7-59.4cm-905x1536.png 905w, https:\/\/uitama.ee\/wp-content\/uploads\/2023\/04\/Api-pilt-35-\u00d7-59.4cm-1207x2048.png 1207w, https:\/\/uitama.ee\/wp-content\/uploads\/2023\/04\/Api-pilt-35-\u00d7-59.4cm.png 1323w\" sizes=\"(max-width: 370px) 100vw, 370px\" \/><\/p>\n<p>&nbsp;<\/p>\n<p><strong>UITAMA mobiilirakendus<\/strong> on inspireeriv teejuht (seejuures GPS oskustega) k\u00f5igile <strong>lastega peredele<\/strong>, kes otsivad v\u00f5imalusi vaba aja veetmiseks <strong>Eesti imelises looduses<\/strong>.<\/p>\n<p>\u00c4pist v\u00f5id leida <strong>35\u00a0+ erinevat hoolega valitud ja lapsega testitud peres\u00f5bralikku loodusrada<\/strong>, mille kohta k\u00e4iv info kajastab justnimelt lapsevanema vaatevinklist olulisi aspekte ning muudab mugava sorteerimislahenduse abil sinu perele sobiliku sihtkoha valimise lihtsaks ning kiireks.<\/p>\n<p>See on \u00e4pp, mida vajad <strong>perega v\u00e4ljas\u00f5idu planeerimise lihtsustamiseks<\/strong>, et j\u00e4\u00e4ks rohkem aega selleks, mis p\u00e4riselt elus t\u00e4htis on &#8211; hetked koos endale kallite inimestga!<\/p>\n<p>Esimene omataoline peres\u00f5bralike loodusradade ja teenuste \u00e4pp Eestis :<\/p>\n<p>\u2713 Rohkem kui 35 peres\u00f5bralikku rada, mida koos lastega avastada<br \/>\n\u2713 Radade kohta k\u00e4iv info on koostatud <strong>one parent to another<\/strong><br \/>\n\u2713 K\u00f5ik \u00e4pis kuvatud <strong>rajad on lapsega l\u00e4bi testitud<\/strong><br \/>\n\u2713 <strong>GPS matkaradadega kaardid<\/strong>: Offline, Satellite ja Terrain<\/p>\n<p>Avasta veel:<br \/>\n\u2713 <strong>Avasta<\/strong> peidetud <strong>ujumiskohti<\/strong>, <strong>imelisi vaateid<\/strong>,\u00a0<strong>lapse jaoks p\u00f5nevaid tegevusi<\/strong> ja palju muud<br \/>\n\u2713 Leia perele sobivad rajad <strong>kohalej\u00f5udmiseks kuluva s\u00f5iduaja j\u00e4rgi<\/strong> &#8211; nii on sul palju <strong>lihtsam sobitada v\u00e4jas\u00f5itu lapse uneaegadega<\/strong>!<br \/>\n\u2713 <strong>Filtreeri radu<\/strong> nende pikkuse, iseloomu, ligip\u00e4\u00e4setavuse, v\u00f5imalike p\u00f5nevate tegevuste, iseloomulike omaduste ning teiste kasutajate hinnangute p\u00f5hjal<br \/>\n\u2713 <strong>Navigeerimisv\u00f5imalused<\/strong> raja alguspunkti j\u00f5udmiseks autoga<br \/>\n\u2713<strong> Loe<\/strong> teiste \u00e4ppi kasutatavate l<strong>apsevanemate kommentaare<\/strong><\/p>\n<p>Planeeri oma v\u00e4ljas\u00f5ite ette:<br \/>\n\u2713 Planeeri oma puhkust perega, koostades nimekirju kohtadest, kus soovid uitada<br \/>\n\u2713 <strong>Kardad metsas \u00e4ra eksida<\/strong>? <strong>Kasuta oma nutitelfoni GPS j\u00e4lgijana<\/strong>, et p\u00fcsida \u00f5igel rajal.<\/p>\n<p>&nbsp;<\/p>\n<p>&nbsp;<\/p>","protected":false},"excerpt":{"rendered":"<p>&nbsp; UITAMA mobiilirakendus on inspireeriv teejuht (seejuures GPS oskustega) k\u00f5igile lastega peredele, kes otsivad v\u00f5imalusi vaba aja veetmiseks Eesti imelises looduses. \u00c4pist v\u00f5id leida 35\u00a0+ erinevat hoolega valitud ja lapsega testitud peres\u00f5bralikku loodusrada, mille kohta k\u00e4iv info kajastab justnimelt lapsevanema vaatevinklist olulisi aspekte ning muudab mugava sorteerimislahenduse abil sinu perele sobiliku sihtkoha valimise lihtsaks ning [&hellip;]<\/p>\n","protected":false},"author":1,"featured_media":0,"parent":0,"menu_order":0,"comment_status":"closed","ping_status":"closed","template":"","meta":{"footnotes":""},"class_list":["post-392","page","type-page","status-publish","hentry"],"yoast_head":"<!-- This site is optimized with the Yoast SEO plugin v27.4 - https:\/\/yoast.com\/product\/yoast-seo-wordpress\/ -->\n<title>UITAMA \u00e4pp - UITAMA<\/title>\n<meta name=\"description\" content=\"UITAMA mobiilirakendus on inspireeriv GPS oskustega teejuht lastega peredele, kes otsivad v\u00f5imalusi vaba aja veetmiseks Eesti imelises looduses.\" \/>\n<meta name=\"robots\" content=\"index, follow, max-snippet:-1, max-image-preview:large, max-video-preview:-1\" \/>\n<link rel=\"canonical\" href=\"https:\/\/uitama.ee\/en\/app\/\" \/>\n<meta property=\"og:locale\" content=\"en_US\" \/>\n<meta property=\"og:type\" content=\"article\" \/>\n<meta property=\"og:title\" content=\"UITAMA \u00e4pp - UITAMA\" \/>\n<meta property=\"og:description\" content=\"UITAMA mobiilirakendus on inspireeriv GPS oskustega teejuht lastega peredele, kes otsivad v\u00f5imalusi vaba aja veetmiseks Eesti imelises looduses.\" \/>\n<meta property=\"og:url\" content=\"https:\/\/uitama.ee\/en\/app\/\" \/>\n<meta property=\"og:site_name\" content=\"UITAMA\" \/>\n<meta property=\"article:publisher\" content=\"https:\/\/www.facebook.com\/UitamaLastega\" \/>\n<meta property=\"article:modified_time\" content=\"2023-08-09T10:13:13+00:00\" \/>\n<meta name=\"twitter:card\" content=\"summary_large_image\" \/>\n<meta name=\"twitter:label1\" content=\"Est. reading time\" \/>\n\t<meta name=\"twitter:data1\" content=\"2 minutes\" \/>\n<script type=\"application\/ld+json\" class=\"yoast-schema-graph\">{\"@context\":\"https:\\\/\\\/schema.org\",\"@graph\":[{\"@type\":\"WebPage\",\"@id\":\"https:\\\/\\\/uitama.ee\\\/app\\\/\",\"url\":\"https:\\\/\\\/uitama.ee\\\/app\\\/\",\"name\":\"UITAMA \u00e4pp - UITAMA\",\"isPartOf\":{\"@id\":\"https:\\\/\\\/uitama.ee\\\/#website\"},\"datePublished\":\"2023-04-05T18:04:40+00:00\",\"dateModified\":\"2023-08-09T10:13:13+00:00\",\"description\":\"UITAMA mobiilirakendus on inspireeriv GPS oskustega teejuht lastega peredele, kes otsivad v\u00f5imalusi vaba aja veetmiseks Eesti imelises looduses.\",\"breadcrumb\":{\"@id\":\"https:\\\/\\\/uitama.ee\\\/app\\\/#breadcrumb\"},\"inLanguage\":\"en-US\",\"potentialAction\":[{\"@type\":\"ReadAction\",\"target\":[\"https:\\\/\\\/uitama.ee\\\/app\\\/\"]}]},{\"@type\":\"BreadcrumbList\",\"@id\":\"https:\\\/\\\/uitama.ee\\\/app\\\/#breadcrumb\",\"itemListElement\":[{\"@type\":\"ListItem\",\"position\":1,\"name\":\"Home\",\"item\":\"https:\\\/\\\/uitama.ee\\\/\"},{\"@type\":\"ListItem\",\"position\":2,\"name\":\"UITAMA \u00e4pp\"}]},{\"@type\":\"WebSite\",\"@id\":\"https:\\\/\\\/uitama.ee\\\/#website\",\"url\":\"https:\\\/\\\/uitama.ee\\\/\",\"name\":\"UITAMA\",\"description\":\"Unustamatud hetked lastega looduses\",\"publisher\":{\"@id\":\"https:\\\/\\\/uitama.ee\\\/#organization\"},\"potentialAction\":[{\"@type\":\"SearchAction\",\"target\":{\"@type\":\"EntryPoint\",\"urlTemplate\":\"https:\\\/\\\/uitama.ee\\\/?s={search_term_string}\"},\"query-input\":{\"@type\":\"PropertyValueSpecification\",\"valueRequired\":true,\"valueName\":\"search_term_string\"}}],\"inLanguage\":\"en-US\"},{\"@type\":\"Organization\",\"@id\":\"https:\\\/\\\/uitama.ee\\\/#organization\",\"name\":\"UITAMA\",\"url\":\"https:\\\/\\\/uitama.ee\\\/\",\"logo\":{\"@type\":\"ImageObject\",\"inLanguage\":\"en-US\",\"@id\":\"https:\\\/\\\/uitama.ee\\\/#\\\/schema\\\/logo\\\/image\\\/\",\"url\":\"https:\\\/\\\/uitama.ee\\\/wp-content\\\/uploads\\\/2023\\\/04\\\/icon.png\",\"contentUrl\":\"https:\\\/\\\/uitama.ee\\\/wp-content\\\/uploads\\\/2023\\\/04\\\/icon.png\",\"width\":132,\"height\":132,\"caption\":\"UITAMA\"},\"image\":{\"@id\":\"https:\\\/\\\/uitama.ee\\\/#\\\/schema\\\/logo\\\/image\\\/\"},\"sameAs\":[\"https:\\\/\\\/www.facebook.com\\\/UitamaLastega\",\"https:\\\/\\\/www.instagram.com\\\/uitama_lastega\\\/\"]}]}<\/script>\n<!-- \/ Yoast SEO plugin. -->","yoast_head_json":{"title":"UITAMA \u00e4pp - UITAMA","description":"UITAMA mobiilirakendus on inspireeriv GPS oskustega teejuht lastega peredele, kes otsivad v\u00f5imalusi vaba aja veetmiseks Eesti imelises looduses.","robots":{"index":"index","follow":"follow","max-snippet":"max-snippet:-1","max-image-preview":"max-image-preview:large","max-video-preview":"max-video-preview:-1"},"canonical":"https:\/\/uitama.ee\/en\/app\/","og_locale":"en_US","og_type":"article","og_title":"UITAMA \u00e4pp - UITAMA","og_description":"UITAMA mobiilirakendus on inspireeriv GPS oskustega teejuht lastega peredele, kes otsivad v\u00f5imalusi vaba aja veetmiseks Eesti imelises looduses.","og_url":"https:\/\/uitama.ee\/en\/app\/","og_site_name":"UITAMA","article_publisher":"https:\/\/www.facebook.com\/UitamaLastega","article_modified_time":"2023-08-09T10:13:13+00:00","twitter_card":"summary_large_image","twitter_misc":{"Est. reading time":"2 minutes"},"schema":{"@context":"https:\/\/schema.org","@graph":[{"@type":"WebPage","@id":"https:\/\/uitama.ee\/app\/","url":"https:\/\/uitama.ee\/app\/","name":"UITAMA \u00e4pp - UITAMA","isPartOf":{"@id":"https:\/\/uitama.ee\/#website"},"datePublished":"2023-04-05T18:04:40+00:00","dateModified":"2023-08-09T10:13:13+00:00","description":"UITAMA mobiilirakendus on inspireeriv GPS oskustega teejuht lastega peredele, kes otsivad v\u00f5imalusi vaba aja veetmiseks Eesti imelises looduses.","breadcrumb":{"@id":"https:\/\/uitama.ee\/app\/#breadcrumb"},"inLanguage":"en-US","potentialAction":[{"@type":"ReadAction","target":["https:\/\/uitama.ee\/app\/"]}]},{"@type":"BreadcrumbList","@id":"https:\/\/uitama.ee\/app\/#breadcrumb","itemListElement":[{"@type":"ListItem","position":1,"name":"Home","item":"https:\/\/uitama.ee\/"},{"@type":"ListItem","position":2,"name":"UITAMA \u00e4pp"}]},{"@type":"WebSite","@id":"https:\/\/uitama.ee\/#website","url":"https:\/\/uitama.ee\/","name":"UITAMA","description":"Unustamatud hetked lastega looduses","publisher":{"@id":"https:\/\/uitama.ee\/#organization"},"potentialAction":[{"@type":"SearchAction","target":{"@type":"EntryPoint","urlTemplate":"https:\/\/uitama.ee\/?s={search_term_string}"},"query-input":{"@type":"PropertyValueSpecification","valueRequired":true,"valueName":"search_term_string"}}],"inLanguage":"en-US"},{"@type":"Organization","@id":"https:\/\/uitama.ee\/#organization","name":"UITAMA","url":"https:\/\/uitama.ee\/","logo":{"@type":"ImageObject","inLanguage":"en-US","@id":"https:\/\/uitama.ee\/#\/schema\/logo\/image\/","url":"https:\/\/uitama.ee\/wp-content\/uploads\/2023\/04\/icon.png","contentUrl":"https:\/\/uitama.ee\/wp-content\/uploads\/2023\/04\/icon.png","width":132,"height":132,"caption":"UITAMA"},"image":{"@id":"https:\/\/uitama.ee\/#\/schema\/logo\/image\/"},"sameAs":["https:\/\/www.facebook.com\/UitamaLastega","https:\/\/www.instagram.com\/uitama_lastega\/"]}]}},"_links":{"self":[{"href":"https:\/\/uitama.ee\/en\/wp-json\/wp\/v2\/pages\/392","targetHints":{"allow":["GET"]}}],"collection":[{"href":"https:\/\/uitama.ee\/en\/wp-json\/wp\/v2\/pages"}],"about":[{"href":"https:\/\/uitama.ee\/en\/wp-json\/wp\/v2\/types\/page"}],"author":[{"embeddable":true,"href":"https:\/\/uitama.ee\/en\/wp-json\/wp\/v2\/users\/1"}],"replies":[{"embeddable":true,"href":"https:\/\/uitama.ee\/en\/wp-json\/wp\/v2\/comments?post=392"}],"version-history":[{"count":5,"href":"https:\/\/uitama.ee\/en\/wp-json\/wp\/v2\/pages\/392\/revisions"}],"predecessor-version":[{"id":1036,"href":"https:\/\/uitama.ee\/en\/wp-json\/wp\/v2\/pages\/392\/revisions\/1036"}],"wp:attachment":[{"href":"https:\/\/uitama.ee\/en\/wp-json\/wp\/v2\/media?parent=392"}],"curies":[{"name":"wp","href":"https:\/\/api.w.org\/{rel}","templated":true}]}}