{"id":418,"date":"2023-04-15T10:55:06","date_gmt":"2023-04-15T10:55:06","guid":{"rendered":"https:\/\/uitama.ee\/?page_id=418"},"modified":"2023-05-16T13:02:05","modified_gmt":"2023-05-16T13:02:05","slug":"esileht","status":"publish","type":"page","link":"https:\/\/uitama.ee\/en\/","title":{"rendered":"FINDING FAMILY-FRIENDLY NATURE TRAILS HAS NEVER BEEN EASIER"},"content":{"rendered":"<p>jgfjgfjhg<\/p>","protected":false},"excerpt":{"rendered":"<p>jgfjgfjhg<\/p>","protected":false},"author":1,"featured_media":0,"parent":0,"menu_order":0,"comment_status":"closed","ping_status":"closed","template":"","meta":{"footnotes":""},"class_list":["post-418","page","type-page","status-publish","hentry"],"yoast_head":"<!-- This site is optimized with the Yoast SEO plugin v27.3 - https:\/\/yoast.com\/product\/yoast-seo-wordpress\/ -->\n<title>MUUDAME LASTES\u00d5BRALIKE LOODUSRADADE LEIDMISE LIHTSAKS - UITAMA<\/title>\n<meta name=\"description\" content=\"UITAMA \u00e4piga leiad lastele sobilikud ja p\u00f5nevad matkarajad minutitega!\" \/>\n<meta name=\"robots\" content=\"index, follow, max-snippet:-1, max-image-preview:large, max-video-preview:-1\" \/>\n<link rel=\"canonical\" href=\"https:\/\/uitama.ee\/en\/\" \/>\n<meta property=\"og:locale\" content=\"en_US\" \/>\n<meta property=\"og:type\" content=\"article\" \/>\n<meta property=\"og:title\" content=\"MUUDAME LASTES\u00d5BRALIKE LOODUSRADADE LEIDMISE LIHTSAKS - UITAMA\" \/>\n<meta property=\"og:description\" content=\"UITAMA \u00e4piga leiad lastele sobilikud ja p\u00f5nevad matkarajad minutitega!\" \/>\n<meta property=\"og:url\" content=\"https:\/\/uitama.ee\/en\/\" \/>\n<meta property=\"og:site_name\" content=\"UITAMA\" \/>\n<meta property=\"article:publisher\" content=\"https:\/\/www.facebook.com\/UitamaLastega\" \/>\n<meta property=\"article:modified_time\" content=\"2023-05-16T13:02:05+00:00\" \/>\n<meta name=\"twitter:card\" content=\"summary_large_image\" \/>\n<meta name=\"twitter:label1\" content=\"Est. reading time\" \/>\n\t<meta name=\"twitter:data1\" content=\"1 minute\" \/>\n<script type=\"application\/ld+json\" class=\"yoast-schema-graph\">{\"@context\":\"https:\\\/\\\/schema.org\",\"@graph\":[{\"@type\":\"WebPage\",\"@id\":\"https:\\\/\\\/uitama.ee\\\/\",\"url\":\"https:\\\/\\\/uitama.ee\\\/\",\"name\":\"MUUDAME LASTES\u00d5BRALIKE LOODUSRADADE LEIDMISE LIHTSAKS - UITAMA\",\"isPartOf\":{\"@id\":\"https:\\\/\\\/uitama.ee\\\/#website\"},\"datePublished\":\"2023-04-15T10:55:06+00:00\",\"dateModified\":\"2023-05-16T13:02:05+00:00\",\"description\":\"UITAMA \u00e4piga leiad lastele sobilikud ja p\u00f5nevad matkarajad minutitega!\",\"breadcrumb\":{\"@id\":\"https:\\\/\\\/uitama.ee\\\/#breadcrumb\"},\"inLanguage\":\"en-US\",\"potentialAction\":[{\"@type\":\"ReadAction\",\"target\":[\"https:\\\/\\\/uitama.ee\\\/\"]}]},{\"@type\":\"BreadcrumbList\",\"@id\":\"https:\\\/\\\/uitama.ee\\\/#breadcrumb\",\"itemListElement\":[{\"@type\":\"ListItem\",\"position\":1,\"name\":\"Home\",\"item\":\"https:\\\/\\\/uitama.ee\\\/\"},{\"@type\":\"ListItem\",\"position\":2,\"name\":\"MUUDAME LASTES\u00d5BRALIKE LOODUSRADADE LEIDMISE LIHTSAKS\"}]},{\"@type\":\"WebSite\",\"@id\":\"https:\\\/\\\/uitama.ee\\\/#website\",\"url\":\"https:\\\/\\\/uitama.ee\\\/\",\"name\":\"UITAMA\",\"description\":\"Unustamatud hetked lastega looduses\",\"publisher\":{\"@id\":\"https:\\\/\\\/uitama.ee\\\/#organization\"},\"potentialAction\":[{\"@type\":\"SearchAction\",\"target\":{\"@type\":\"EntryPoint\",\"urlTemplate\":\"https:\\\/\\\/uitama.ee\\\/?s={search_term_string}\"},\"query-input\":{\"@type\":\"PropertyValueSpecification\",\"valueRequired\":true,\"valueName\":\"search_term_string\"}}],\"inLanguage\":\"en-US\"},{\"@type\":\"Organization\",\"@id\":\"https:\\\/\\\/uitama.ee\\\/#organization\",\"name\":\"UITAMA\",\"url\":\"https:\\\/\\\/uitama.ee\\\/\",\"logo\":{\"@type\":\"ImageObject\",\"inLanguage\":\"en-US\",\"@id\":\"https:\\\/\\\/uitama.ee\\\/#\\\/schema\\\/logo\\\/image\\\/\",\"url\":\"https:\\\/\\\/uitama.ee\\\/wp-content\\\/uploads\\\/2023\\\/04\\\/icon.png\",\"contentUrl\":\"https:\\\/\\\/uitama.ee\\\/wp-content\\\/uploads\\\/2023\\\/04\\\/icon.png\",\"width\":132,\"height\":132,\"caption\":\"UITAMA\"},\"image\":{\"@id\":\"https:\\\/\\\/uitama.ee\\\/#\\\/schema\\\/logo\\\/image\\\/\"},\"sameAs\":[\"https:\\\/\\\/www.facebook.com\\\/UitamaLastega\",\"https:\\\/\\\/www.instagram.com\\\/uitama_lastega\\\/\"]}]}<\/script>\n<!-- \/ Yoast SEO plugin. -->","yoast_head_json":{"title":"MUUDAME LASTES\u00d5BRALIKE LOODUSRADADE LEIDMISE LIHTSAKS - UITAMA","description":"UITAMA \u00e4piga leiad lastele sobilikud ja p\u00f5nevad matkarajad minutitega!","robots":{"index":"index","follow":"follow","max-snippet":"max-snippet:-1","max-image-preview":"max-image-preview:large","max-video-preview":"max-video-preview:-1"},"canonical":"https:\/\/uitama.ee\/en\/","og_locale":"en_US","og_type":"article","og_title":"MUUDAME LASTES\u00d5BRALIKE LOODUSRADADE LEIDMISE LIHTSAKS - UITAMA","og_description":"UITAMA \u00e4piga leiad lastele sobilikud ja p\u00f5nevad matkarajad minutitega!","og_url":"https:\/\/uitama.ee\/en\/","og_site_name":"UITAMA","article_publisher":"https:\/\/www.facebook.com\/UitamaLastega","article_modified_time":"2023-05-16T13:02:05+00:00","twitter_card":"summary_large_image","twitter_misc":{"Est. reading time":"1 minute"},"schema":{"@context":"https:\/\/schema.org","@graph":[{"@type":"WebPage","@id":"https:\/\/uitama.ee\/","url":"https:\/\/uitama.ee\/","name":"MUUDAME LASTES\u00d5BRALIKE LOODUSRADADE LEIDMISE LIHTSAKS - UITAMA","isPartOf":{"@id":"https:\/\/uitama.ee\/#website"},"datePublished":"2023-04-15T10:55:06+00:00","dateModified":"2023-05-16T13:02:05+00:00","description":"UITAMA \u00e4piga leiad lastele sobilikud ja p\u00f5nevad matkarajad minutitega!","breadcrumb":{"@id":"https:\/\/uitama.ee\/#breadcrumb"},"inLanguage":"en-US","potentialAction":[{"@type":"ReadAction","target":["https:\/\/uitama.ee\/"]}]},{"@type":"BreadcrumbList","@id":"https:\/\/uitama.ee\/#breadcrumb","itemListElement":[{"@type":"ListItem","position":1,"name":"Home","item":"https:\/\/uitama.ee\/"},{"@type":"ListItem","position":2,"name":"MUUDAME LASTES\u00d5BRALIKE LOODUSRADADE LEIDMISE LIHTSAKS"}]},{"@type":"WebSite","@id":"https:\/\/uitama.ee\/#website","url":"https:\/\/uitama.ee\/","name":"UITAMA","description":"Unustamatud hetked lastega looduses","publisher":{"@id":"https:\/\/uitama.ee\/#organization"},"potentialAction":[{"@type":"SearchAction","target":{"@type":"EntryPoint","urlTemplate":"https:\/\/uitama.ee\/?s={search_term_string}"},"query-input":{"@type":"PropertyValueSpecification","valueRequired":true,"valueName":"search_term_string"}}],"inLanguage":"en-US"},{"@type":"Organization","@id":"https:\/\/uitama.ee\/#organization","name":"UITAMA","url":"https:\/\/uitama.ee\/","logo":{"@type":"ImageObject","inLanguage":"en-US","@id":"https:\/\/uitama.ee\/#\/schema\/logo\/image\/","url":"https:\/\/uitama.ee\/wp-content\/uploads\/2023\/04\/icon.png","contentUrl":"https:\/\/uitama.ee\/wp-content\/uploads\/2023\/04\/icon.png","width":132,"height":132,"caption":"UITAMA"},"image":{"@id":"https:\/\/uitama.ee\/#\/schema\/logo\/image\/"},"sameAs":["https:\/\/www.facebook.com\/UitamaLastega","https:\/\/www.instagram.com\/uitama_lastega\/"]}]}},"_links":{"self":[{"href":"https:\/\/uitama.ee\/en\/wp-json\/wp\/v2\/pages\/418","targetHints":{"allow":["GET"]}}],"collection":[{"href":"https:\/\/uitama.ee\/en\/wp-json\/wp\/v2\/pages"}],"about":[{"href":"https:\/\/uitama.ee\/en\/wp-json\/wp\/v2\/types\/page"}],"author":[{"embeddable":true,"href":"https:\/\/uitama.ee\/en\/wp-json\/wp\/v2\/users\/1"}],"replies":[{"embeddable":true,"href":"https:\/\/uitama.ee\/en\/wp-json\/wp\/v2\/comments?post=418"}],"version-history":[{"count":5,"href":"https:\/\/uitama.ee\/en\/wp-json\/wp\/v2\/pages\/418\/revisions"}],"predecessor-version":[{"id":471,"href":"https:\/\/uitama.ee\/en\/wp-json\/wp\/v2\/pages\/418\/revisions\/471"}],"wp:attachment":[{"href":"https:\/\/uitama.ee\/en\/wp-json\/wp\/v2\/media?parent=418"}],"curies":[{"name":"wp","href":"https:\/\/api.w.org\/{rel}","templated":true}]}}