{"id":998,"date":"2023-07-26T17:13:22","date_gmt":"2023-07-26T17:13:22","guid":{"rendered":"https:\/\/uitama.ee\/?page_id=998"},"modified":"2023-08-09T10:09:56","modified_gmt":"2023-08-09T10:09:56","slug":"privaatsuspoliitika","status":"publish","type":"page","link":"https:\/\/uitama.ee\/en\/privaatsuspoliitika\/","title":{"rendered":"Privaatsuspoliitika"},"content":{"rendered":"<p>Uitama teenust pakub Loovkulg O\u00dc. K\u00e4esolev privaatsuspoliitika selgitab, milliseid isikuandmeid me kogume ning kuidas neid kasutame ja s\u00e4ilitame. Privaatsuspoliitika kohta tekkivad k\u00fcsimused palume esitada e-posti aadressil info@uitama.ee.<\/p>\n<p><strong>Uitama kogub sinu andmeid, sealhulgas andmeid, mis sind otseselt v\u00f5i kaudselt identifitseerivad. Milliseid isikuandmeid kogume ja miks:<\/strong><\/p>\n<ul>\n<li>Kogume \u00fcldiseid kontoandmeid, n\u00e4iteks sinu nimi, e-posti aadress ja pilt, mis annavad ligip\u00e4\u00e4su meie teenusele.<\/li>\n<li>Kasutame sinu kontaktandmeid, et saaksime vastata sinu p\u00e4ringutele ja kommentaaridele ning saata sulle rakenduse kohta uut teavet. Kui sa ei soovi oma e-posti aadressile uuendusi saada, v\u00f5id selle alati rakenduse seadetest v\u00e4lja l\u00fclitada.<\/li>\n<\/ul>\n<p>Lisaks t\u00f6\u00f6tleme sinu asukohaandmeid meie teenuse kasutamisel. J\u00e4lgime sinu seadme asukohta, et arvutada v\u00e4lja sobilike matkradade s\u00f5iduaja pikkust sinu asukohast s\u00f5ltuvalt.<\/p>\n<p>Kui oled alustanud matkarajal navigeerimist, vajutades nuppu \u201cNavigeeri\u201d, kuni oled jalutusk\u00e4igu l\u00f5petanud.<\/p>\n<p>Kui soovid seadme asukoha j\u00e4lgimise l\u00f5petada, ei saa saa neid teenuseid kasutada.<\/p>\n<p>Kiiremaks vigade leidmiseks ja parandamiseks kogume infot ka sinu telefoni mudeli ja operatsioonis\u00fcsteemi kohta.<\/p>\n<p>Uitama v\u00f5imaldab sul oma konto registreerida ja rakendusse sisse logida kasutades sinu loodud kontosid koos kolmandate osapoolte teenustega Facebook, Apple ja Google (edaspidi \u201ekolmanda osapoole kontod\u201d). Logides teenusesse sisse kolmanda osapoole konto kaudu, kogume andmeid, millele oled varasemalt ligip\u00e4\u00e4su andnud (sinu nimi, e-posti aadress, profiilipilt, Facebooki profiili URL (v\u00f5rguaadress)). Neid andmeid kogub kolmanda osapoole teenuspakkuja ja andmed jagatakse Uitamale vastavalt nende privaatsuspoliitikale. Nende allikate poolt jagatud andmeid saad reguleerida, kasutades oma kolmanda osapoole kontol olevaid privaatsuss\u00e4tteid.<\/p>\n<p>Uitama kasutab kogutud ja saadud andmeid vastavalt allpool kirjeldatule.<\/p>\n<p><strong>Teenuse osutamiseks<\/strong><\/p>\n<p>Kasutame saadud ja kogutud andmeid teenuse osutamiseks, sealhulgas pakkudes sulle v\u00f5imalust<\/p>\n<ul>\n<li>leida sinu asukohast s\u00f5ltuvalt l\u00e4hedalolevaid sobilikke radu lastega uitamiseks<\/li>\n<li>m\u00e4\u00e4rata oma asukohta kaardil<\/li>\n<li>sinu lemmikradade salvestamiseks<\/li>\n<\/ul>\n<p><strong>Sinuga suhtlemiseks<\/strong><\/p>\n<ul>\n<li>Kasutame kogutud andmeid, et vastata sinu p\u00e4ringutele ja kommentaaridele.<\/li>\n<\/ul>\n<p>Me ei m\u00fc\u00fc sinu isikuandmeid.<\/p>\n<p><strong>Isikuandmete edastamine kolmandatele isikutele<\/strong><\/p>\n<p>Kolmas isik on Loovkulg O\u00dc lepingupartner, kes t\u00f6\u00f6tleb isikuandmeid ja kelle toote v\u00f5i teenuse abil pakub Loovkulg O\u00dc kasutajale teenuseid.<\/p>\n<p>Kasutame kolmandaid isikuid, kes pakuvad:<\/p>\n<ul>\n<li>e-kirjade edastamise ja haldamise s\u00fcsteemi<\/li>\n<li>IT teenuseid meie keskkonna t\u00f6\u00f6s hoidmiseks, majutamiseks ja haldamiseks.<\/li>\n<\/ul>\n<p>Isikuandmeid v\u00f5idakse edastada ka kolmandatele isikutele, kui see on kohalduva \u00f5iguse kohaselt n\u00f5utud (nt \u00f5iguskaitseasutused) v\u00f5i kui see on vajalik Loovkulg O\u00dc \u00f5igustatud huvides oma \u00f5iguste kaitseks (nt \u00f5igusn\u00f5ustajad).<\/p>\n<p><strong>Sinu \u00f5igused<\/strong><\/p>\n<p>Kui soovid tutvuda oma isikuandmetega v\u00f5i oma isikuandmeid parandada, esita palun vastav taotlus kirjalikult info@uitama.ee<\/p>\n<p>Lisaks isikuandmete parandamise vo\u0303i neile ligipa\u0308a\u0308semise o\u0303igusele on sul ka:<\/p>\n<ul>\n<li>\u00f5igus antud n\u00f5usolekuid tagasi v\u00f5tta. No\u0303usoleku tagasivo\u0303tmine ei mo\u0303juta enne tagasivo\u0303tmist toimunud to\u0308o\u0308tlemise seaduslikkust ega mo\u0303juta sinu isikuandmete to\u0308o\u0308tlemist muudel o\u0303iguslikel alustel (mis ei tugine sinu no\u0303usolekule).<\/li>\n<li>o\u0303igus esitada vastuva\u0308iteid oma isikuandmete to\u0308o\u0308tlemise suhtes, no\u0303uda meilt oma isikuandmete to\u0308o\u0308tlemise piiramist vo\u0303i taotleda oma isikuandmete u\u0308lekandmist.<\/li>\n<li>o\u0303igus no\u0303uda oma isikuandmete kustutamist na\u0308iteks siis, kui neid on ebaseaduslikult to\u0308o\u0308deldud vo\u0303i kui to\u0308o\u0308tlemiseks ei ole muud o\u0303iguslikku alust.<\/li>\n<li>\u00f5igus p\u00f6\u00f6rduda oma isikuandmetega seotud \u00f5iguste kaitseks j\u00e4relevalveasutuse poole, milleks Eestis on Andmekaitse Inspektsioon www.aki.ee.<\/li>\n<\/ul>\n<p><strong>Kui kaua me teie isikuandmeid sa\u0308ilitame?<\/strong><\/p>\n<p>Sa\u0308ilitame sinu isikuandmeid nii kaua, kui on vajalik eespool kirjeldatud eesma\u0308rkide saavutamiseks, vo\u0303i nii kaua, kui seaduse ja\u0308rgi no\u0303utav. U\u0308ldiselt ta\u0308hendab see, et sa\u0308ilitame sinu isikuandmeid kuni konto kustutamiseni.<\/p>\n<p>Kui meil puudub ja\u0308tkuv seaduslik alus ja eesm\u00e4rk sinu isikuandmeid to\u0308o\u0308delda, siis me kustutame andmed.<\/p>\n<p><strong>Konto ja andmete kustutamine<\/strong><\/p>\n<p>Sa saad oma konto igal ajal kustutada. Konto kustutamiseks vajuta mobiilirakenduses \u201cKustuta konto\u201d nuppu. Peale konto kustutamist kustutatakse sinu isikuandmed j\u00e4\u00e4davalt meie s\u00fcsteemidest.<\/p>\n<p><strong>Privaatsuspoliitika teave<\/strong><\/p>\n<p>Loovkulg O\u00dc j\u00e4tab endale \u00f5iguse oma privaatsuspoliitikat igal ajal muuta. Palun vaata see aeg-ajalt uuesti \u00fcle.<\/p>\n<p><em>Uuendatud 26.07.2023<\/em><\/p>","protected":false},"excerpt":{"rendered":"<p>Uitama teenust pakub Loovkulg O\u00dc. K\u00e4esolev privaatsuspoliitika selgitab, milliseid isikuandmeid me kogume ning kuidas neid kasutame ja s\u00e4ilitame. Privaatsuspoliitika kohta tekkivad k\u00fcsimused palume esitada e-posti aadressil info@uitama.ee. Uitama kogub sinu andmeid, sealhulgas andmeid, mis sind otseselt v\u00f5i kaudselt identifitseerivad. Milliseid isikuandmeid kogume ja miks: Kogume \u00fcldiseid kontoandmeid, n\u00e4iteks sinu nimi, e-posti aadress ja pilt, mis [&hellip;]<\/p>\n","protected":false},"author":1,"featured_media":0,"parent":0,"menu_order":0,"comment_status":"closed","ping_status":"closed","template":"","meta":{"footnotes":""},"class_list":["post-998","page","type-page","status-publish","hentry"],"yoast_head":"<!-- This site is optimized with the Yoast SEO plugin v27.4 - https:\/\/yoast.com\/product\/yoast-seo-wordpress\/ -->\n<title>Privaatsuspoliitika - UITAMA<\/title>\n<meta name=\"robots\" content=\"index, follow, max-snippet:-1, max-image-preview:large, max-video-preview:-1\" \/>\n<link rel=\"canonical\" href=\"https:\/\/uitama.ee\/en\/privaatsuspoliitika\/\" \/>\n<meta property=\"og:locale\" content=\"en_US\" \/>\n<meta property=\"og:type\" content=\"article\" \/>\n<meta property=\"og:title\" content=\"Privaatsuspoliitika - UITAMA\" \/>\n<meta property=\"og:description\" content=\"Uitama teenust pakub Loovkulg O\u00dc. K\u00e4esolev privaatsuspoliitika selgitab, milliseid isikuandmeid me kogume ning kuidas neid kasutame ja s\u00e4ilitame. Privaatsuspoliitika kohta tekkivad k\u00fcsimused palume esitada e-posti aadressil info@uitama.ee. Uitama kogub sinu andmeid, sealhulgas andmeid, mis sind otseselt v\u00f5i kaudselt identifitseerivad. Milliseid isikuandmeid kogume ja miks: Kogume \u00fcldiseid kontoandmeid, n\u00e4iteks sinu nimi, e-posti aadress ja pilt, mis [&hellip;]\" \/>\n<meta property=\"og:url\" content=\"https:\/\/uitama.ee\/en\/privaatsuspoliitika\/\" \/>\n<meta property=\"og:site_name\" content=\"UITAMA\" \/>\n<meta property=\"article:publisher\" content=\"https:\/\/www.facebook.com\/UitamaLastega\" \/>\n<meta property=\"article:modified_time\" content=\"2023-08-09T10:09:56+00:00\" \/>\n<meta name=\"twitter:card\" content=\"summary_large_image\" \/>\n<meta name=\"twitter:label1\" content=\"Est. reading time\" \/>\n\t<meta name=\"twitter:data1\" content=\"4 minutes\" \/>\n<script type=\"application\/ld+json\" class=\"yoast-schema-graph\">{\"@context\":\"https:\\\/\\\/schema.org\",\"@graph\":[{\"@type\":\"WebPage\",\"@id\":\"https:\\\/\\\/uitama.ee\\\/privaatsuspoliitika\\\/\",\"url\":\"https:\\\/\\\/uitama.ee\\\/privaatsuspoliitika\\\/\",\"name\":\"Privaatsuspoliitika - UITAMA\",\"isPartOf\":{\"@id\":\"https:\\\/\\\/uitama.ee\\\/#website\"},\"datePublished\":\"2023-07-26T17:13:22+00:00\",\"dateModified\":\"2023-08-09T10:09:56+00:00\",\"breadcrumb\":{\"@id\":\"https:\\\/\\\/uitama.ee\\\/privaatsuspoliitika\\\/#breadcrumb\"},\"inLanguage\":\"en-US\",\"potentialAction\":[{\"@type\":\"ReadAction\",\"target\":[\"https:\\\/\\\/uitama.ee\\\/privaatsuspoliitika\\\/\"]}]},{\"@type\":\"BreadcrumbList\",\"@id\":\"https:\\\/\\\/uitama.ee\\\/privaatsuspoliitika\\\/#breadcrumb\",\"itemListElement\":[{\"@type\":\"ListItem\",\"position\":1,\"name\":\"Home\",\"item\":\"https:\\\/\\\/uitama.ee\\\/\"},{\"@type\":\"ListItem\",\"position\":2,\"name\":\"Privaatsuspoliitika\"}]},{\"@type\":\"WebSite\",\"@id\":\"https:\\\/\\\/uitama.ee\\\/#website\",\"url\":\"https:\\\/\\\/uitama.ee\\\/\",\"name\":\"UITAMA\",\"description\":\"Unustamatud hetked lastega looduses\",\"publisher\":{\"@id\":\"https:\\\/\\\/uitama.ee\\\/#organization\"},\"potentialAction\":[{\"@type\":\"SearchAction\",\"target\":{\"@type\":\"EntryPoint\",\"urlTemplate\":\"https:\\\/\\\/uitama.ee\\\/?s={search_term_string}\"},\"query-input\":{\"@type\":\"PropertyValueSpecification\",\"valueRequired\":true,\"valueName\":\"search_term_string\"}}],\"inLanguage\":\"en-US\"},{\"@type\":\"Organization\",\"@id\":\"https:\\\/\\\/uitama.ee\\\/#organization\",\"name\":\"UITAMA\",\"url\":\"https:\\\/\\\/uitama.ee\\\/\",\"logo\":{\"@type\":\"ImageObject\",\"inLanguage\":\"en-US\",\"@id\":\"https:\\\/\\\/uitama.ee\\\/#\\\/schema\\\/logo\\\/image\\\/\",\"url\":\"https:\\\/\\\/uitama.ee\\\/wp-content\\\/uploads\\\/2023\\\/04\\\/icon.png\",\"contentUrl\":\"https:\\\/\\\/uitama.ee\\\/wp-content\\\/uploads\\\/2023\\\/04\\\/icon.png\",\"width\":132,\"height\":132,\"caption\":\"UITAMA\"},\"image\":{\"@id\":\"https:\\\/\\\/uitama.ee\\\/#\\\/schema\\\/logo\\\/image\\\/\"},\"sameAs\":[\"https:\\\/\\\/www.facebook.com\\\/UitamaLastega\",\"https:\\\/\\\/www.instagram.com\\\/uitama_lastega\\\/\"]}]}<\/script>\n<!-- \/ Yoast SEO plugin. -->","yoast_head_json":{"title":"Privaatsuspoliitika - UITAMA","robots":{"index":"index","follow":"follow","max-snippet":"max-snippet:-1","max-image-preview":"max-image-preview:large","max-video-preview":"max-video-preview:-1"},"canonical":"https:\/\/uitama.ee\/en\/privaatsuspoliitika\/","og_locale":"en_US","og_type":"article","og_title":"Privaatsuspoliitika - UITAMA","og_description":"Uitama teenust pakub Loovkulg O\u00dc. K\u00e4esolev privaatsuspoliitika selgitab, milliseid isikuandmeid me kogume ning kuidas neid kasutame ja s\u00e4ilitame. Privaatsuspoliitika kohta tekkivad k\u00fcsimused palume esitada e-posti aadressil info@uitama.ee. Uitama kogub sinu andmeid, sealhulgas andmeid, mis sind otseselt v\u00f5i kaudselt identifitseerivad. Milliseid isikuandmeid kogume ja miks: Kogume \u00fcldiseid kontoandmeid, n\u00e4iteks sinu nimi, e-posti aadress ja pilt, mis [&hellip;]","og_url":"https:\/\/uitama.ee\/en\/privaatsuspoliitika\/","og_site_name":"UITAMA","article_publisher":"https:\/\/www.facebook.com\/UitamaLastega","article_modified_time":"2023-08-09T10:09:56+00:00","twitter_card":"summary_large_image","twitter_misc":{"Est. reading time":"4 minutes"},"schema":{"@context":"https:\/\/schema.org","@graph":[{"@type":"WebPage","@id":"https:\/\/uitama.ee\/privaatsuspoliitika\/","url":"https:\/\/uitama.ee\/privaatsuspoliitika\/","name":"Privaatsuspoliitika - UITAMA","isPartOf":{"@id":"https:\/\/uitama.ee\/#website"},"datePublished":"2023-07-26T17:13:22+00:00","dateModified":"2023-08-09T10:09:56+00:00","breadcrumb":{"@id":"https:\/\/uitama.ee\/privaatsuspoliitika\/#breadcrumb"},"inLanguage":"en-US","potentialAction":[{"@type":"ReadAction","target":["https:\/\/uitama.ee\/privaatsuspoliitika\/"]}]},{"@type":"BreadcrumbList","@id":"https:\/\/uitama.ee\/privaatsuspoliitika\/#breadcrumb","itemListElement":[{"@type":"ListItem","position":1,"name":"Home","item":"https:\/\/uitama.ee\/"},{"@type":"ListItem","position":2,"name":"Privaatsuspoliitika"}]},{"@type":"WebSite","@id":"https:\/\/uitama.ee\/#website","url":"https:\/\/uitama.ee\/","name":"UITAMA","description":"Unustamatud hetked lastega looduses","publisher":{"@id":"https:\/\/uitama.ee\/#organization"},"potentialAction":[{"@type":"SearchAction","target":{"@type":"EntryPoint","urlTemplate":"https:\/\/uitama.ee\/?s={search_term_string}"},"query-input":{"@type":"PropertyValueSpecification","valueRequired":true,"valueName":"search_term_string"}}],"inLanguage":"en-US"},{"@type":"Organization","@id":"https:\/\/uitama.ee\/#organization","name":"UITAMA","url":"https:\/\/uitama.ee\/","logo":{"@type":"ImageObject","inLanguage":"en-US","@id":"https:\/\/uitama.ee\/#\/schema\/logo\/image\/","url":"https:\/\/uitama.ee\/wp-content\/uploads\/2023\/04\/icon.png","contentUrl":"https:\/\/uitama.ee\/wp-content\/uploads\/2023\/04\/icon.png","width":132,"height":132,"caption":"UITAMA"},"image":{"@id":"https:\/\/uitama.ee\/#\/schema\/logo\/image\/"},"sameAs":["https:\/\/www.facebook.com\/UitamaLastega","https:\/\/www.instagram.com\/uitama_lastega\/"]}]}},"_links":{"self":[{"href":"https:\/\/uitama.ee\/en\/wp-json\/wp\/v2\/pages\/998","targetHints":{"allow":["GET"]}}],"collection":[{"href":"https:\/\/uitama.ee\/en\/wp-json\/wp\/v2\/pages"}],"about":[{"href":"https:\/\/uitama.ee\/en\/wp-json\/wp\/v2\/types\/page"}],"author":[{"embeddable":true,"href":"https:\/\/uitama.ee\/en\/wp-json\/wp\/v2\/users\/1"}],"replies":[{"embeddable":true,"href":"https:\/\/uitama.ee\/en\/wp-json\/wp\/v2\/comments?post=998"}],"version-history":[{"count":2,"href":"https:\/\/uitama.ee\/en\/wp-json\/wp\/v2\/pages\/998\/revisions"}],"predecessor-version":[{"id":1034,"href":"https:\/\/uitama.ee\/en\/wp-json\/wp\/v2\/pages\/998\/revisions\/1034"}],"wp:attachment":[{"href":"https:\/\/uitama.ee\/en\/wp-json\/wp\/v2\/media?parent=998"}],"curies":[{"name":"wp","href":"https:\/\/api.w.org\/{rel}","templated":true}]}}